{"id":9814077,"date":"2024-01-23T10:59:08","date_gmt":"2024-01-23T09:59:08","guid":{"rendered":"https:\/\/fattoriaambrosio.it\/prodotto\/olio-evo-riserva-50cl\/"},"modified":"2024-10-09T10:50:45","modified_gmt":"2024-10-09T09:50:45","slug":"riserva-evo-oil-50cl","status":"publish","type":"product","link":"https:\/\/fattoriaambrosio.it\/en\/prodotto\/riserva-evo-oil-50cl\/","title":{"rendered":"Riserva EVO Oil 50cl"},"content":{"rendered":"<p><a href=\"http:\/\/fattoriaambrosio.it\/wp-content\/uploads\/2018\/10\/Fattoria-Ambrosio-Riserva_001.jpg\"><img loading=\"lazy\" decoding=\"async\" class=\"size-medium wp-image-11892 alignleft\" src=\"http:\/\/fattoriaambrosio.it\/wp-content\/uploads\/2018\/10\/Fattoria-Ambrosio-Riserva_001-212x300.jpg\" alt=\"\" width=\"212\" height=\"300\" \/><\/a><\/p>\n<p style=\"text-align: left;\">Fruttato intenso erbaceo verde, con amabile sentore di erba fresca, sfumature di foglia di pomodoro, piacevole fragranza del cuore di carciofo. Decisa\u00a0 sensazione di amaro di oliva e gradevole piccante in chiusura. Estrema pulizia del fruttato.<\/p>\n<h4 style=\"text-align: left;\" data-fontsize=\"18\" data-lineheight=\"24\">UTILIZZO<\/h4>\n<p style=\"text-align: left;\">Riserva \u00e8 un olio extra vergine importante, con sentori olfattivi intensi e persistenza gustativa media. Pu\u00f2 regalare sensazioni indimenticabili su piatti caldi di qualunque complessit\u00e0. Lascia piacevolissimi segni distintivi sui primi piatti tradizionali della cucina italiana come pasta al forno e fusilli in rosso. Combina alla perfezione con le zuppe piccanti della cucina internazionale e le grigliate di pesce.<\/p>\n<h4 style=\"text-align: left;\" data-fontsize=\"18\" data-lineheight=\"24\">NOTA CARATTERISTICA<\/h4>\n<p style=\"text-align: left;\">Possiede un perfetto equilibrio fra le sensazioni olfattive e gustative che gli conferiscono personalit\u00e0 in qualunque abbinamento.<\/p>\n","protected":false},"excerpt":{"rendered":"<p class=\"has-paragrafo-font-size has-futura-pt-font-family\">Il fascino della complessit\u00e0, erba e mandorla insieme, profumi profondi, gusto generoso. Fruttato intenso erbaceo verde, con amabile sentore di erba fresca, sfumature di foglia di pomodoro, piacevole fragranza del cuore di carciofo. Decisa\u00a0 sensazione di amaro di oliva e gradevole piccante in chiusura. Estrema pulizia del fruttato.<\/p>\n","protected":false},"featured_media":14327,"template":"","meta":{"_acf_changed":false},"collezione":[],"product_cat":[22],"product_tag":[],"class_list":{"0":"post-9814077","1":"product","2":"type-product","3":"status-publish","4":"has-post-thumbnail","6":"product_cat-non-categorizzato","8":"first","9":"instock","10":"taxable","11":"shipping-taxable","12":"purchasable","13":"product-type-simple"},"acf":[],"yoast_head":"<!-- This site is optimized with the Yoast SEO plugin v25.6 - https:\/\/yoast.com\/wordpress\/plugins\/seo\/ -->\n<title>Riserva EVO Oil 50cl - Fattoria Ambrosio<\/title>\n<meta name=\"robots\" content=\"index, follow, max-snippet:-1, max-image-preview:large, max-video-preview:-1\" \/>\n<link rel=\"canonical\" href=\"https:\/\/fattoriaambrosio.it\/en\/prodotto\/riserva-evo-oil-50cl\/\" \/>\n<meta property=\"og:locale\" content=\"en_US\" \/>\n<meta property=\"og:type\" content=\"article\" \/>\n<meta property=\"og:title\" content=\"Riserva EVO Oil 50cl - Fattoria Ambrosio\" \/>\n<meta property=\"og:description\" content=\"Il fascino della complessit\u00e0, erba e mandorla insieme, profumi profondi, gusto generoso. Fruttato intenso erbaceo verde, con amabile sentore di erba fresca, sfumature di foglia di pomodoro, piacevole fragranza del cuore di carciofo. Decisa\u00a0 sensazione di amaro di oliva e gradevole piccante in chiusura. Estrema pulizia del fruttato.\" \/>\n<meta property=\"og:url\" content=\"https:\/\/fattoriaambrosio.it\/en\/prodotto\/riserva-evo-oil-50cl\/\" \/>\n<meta property=\"og:site_name\" content=\"Fattoria Ambrosio\" \/>\n<meta property=\"article:publisher\" content=\"https:\/\/www.facebook.com\/fattoriaambrosio\" \/>\n<meta property=\"article:modified_time\" content=\"2024-10-09T09:50:45+00:00\" \/>\n<meta property=\"og:image\" content=\"https:\/\/fattoriaambrosio.it\/wp-content\/uploads\/2024\/01\/Fattoria-Ambrosio-bottiglia-RISERVA-03-1.png\" \/>\n\t<meta property=\"og:image:width\" content=\"333\" \/>\n\t<meta property=\"og:image:height\" content=\"1333\" \/>\n\t<meta property=\"og:image:type\" content=\"image\/png\" \/>\n<meta name=\"twitter:card\" content=\"summary_large_image\" \/>\n<meta name=\"twitter:label1\" content=\"Est. reading time\" \/>\n\t<meta name=\"twitter:data1\" content=\"2 minutes\" \/>\n<script type=\"application\/ld+json\" class=\"yoast-schema-graph\">{\"@context\":\"https:\/\/schema.org\",\"@graph\":[{\"@type\":\"WebPage\",\"@id\":\"https:\/\/fattoriaambrosio.it\/en\/prodotto\/riserva-evo-oil-50cl\/\",\"url\":\"https:\/\/fattoriaambrosio.it\/en\/prodotto\/riserva-evo-oil-50cl\/\",\"name\":\"Riserva EVO Oil 50cl - Fattoria Ambrosio\",\"isPartOf\":{\"@id\":\"https:\/\/fattoriaambrosio.it\/#website\"},\"primaryImageOfPage\":{\"@id\":\"https:\/\/fattoriaambrosio.it\/en\/prodotto\/riserva-evo-oil-50cl\/#primaryimage\"},\"image\":{\"@id\":\"https:\/\/fattoriaambrosio.it\/en\/prodotto\/riserva-evo-oil-50cl\/#primaryimage\"},\"thumbnailUrl\":\"https:\/\/fattoriaambrosio.it\/wp-content\/uploads\/2024\/01\/Fattoria-Ambrosio-bottiglia-RISERVA-03-1.png\",\"datePublished\":\"2024-01-23T09:59:08+00:00\",\"dateModified\":\"2024-10-09T09:50:45+00:00\",\"breadcrumb\":{\"@id\":\"https:\/\/fattoriaambrosio.it\/en\/prodotto\/riserva-evo-oil-50cl\/#breadcrumb\"},\"inLanguage\":\"en-US\",\"potentialAction\":[{\"@type\":\"ReadAction\",\"target\":[\"https:\/\/fattoriaambrosio.it\/en\/prodotto\/riserva-evo-oil-50cl\/\"]}]},{\"@type\":\"ImageObject\",\"inLanguage\":\"en-US\",\"@id\":\"https:\/\/fattoriaambrosio.it\/en\/prodotto\/riserva-evo-oil-50cl\/#primaryimage\",\"url\":\"https:\/\/fattoriaambrosio.it\/wp-content\/uploads\/2024\/01\/Fattoria-Ambrosio-bottiglia-RISERVA-03-1.png\",\"contentUrl\":\"https:\/\/fattoriaambrosio.it\/wp-content\/uploads\/2024\/01\/Fattoria-Ambrosio-bottiglia-RISERVA-03-1.png\",\"width\":333,\"height\":1333},{\"@type\":\"BreadcrumbList\",\"@id\":\"https:\/\/fattoriaambrosio.it\/en\/prodotto\/riserva-evo-oil-50cl\/#breadcrumb\",\"itemListElement\":[{\"@type\":\"ListItem\",\"position\":1,\"name\":\"Home\",\"item\":\"https:\/\/fattoriaambrosio.it\/en\/\"},{\"@type\":\"ListItem\",\"position\":2,\"name\":\"Prodotti\",\"item\":\"https:\/\/fattoriaambrosio.it\/shop\/\"},{\"@type\":\"ListItem\",\"position\":3,\"name\":\"Riserva EVO Oil 50cl\"}]},{\"@type\":\"WebSite\",\"@id\":\"https:\/\/fattoriaambrosio.it\/#website\",\"url\":\"https:\/\/fattoriaambrosio.it\/\",\"name\":\"Fattoria Ambrosio\",\"description\":\"Produzione Olio extravergine d&#039;oliva\",\"publisher\":{\"@id\":\"https:\/\/fattoriaambrosio.it\/#organization\"},\"potentialAction\":[{\"@type\":\"SearchAction\",\"target\":{\"@type\":\"EntryPoint\",\"urlTemplate\":\"https:\/\/fattoriaambrosio.it\/?s={search_term_string}\"},\"query-input\":{\"@type\":\"PropertyValueSpecification\",\"valueRequired\":true,\"valueName\":\"search_term_string\"}}],\"inLanguage\":\"en-US\"},{\"@type\":\"Organization\",\"@id\":\"https:\/\/fattoriaambrosio.it\/#organization\",\"name\":\"Fattoria Ambrosio\",\"url\":\"https:\/\/fattoriaambrosio.it\/\",\"logo\":{\"@type\":\"ImageObject\",\"inLanguage\":\"en-US\",\"@id\":\"https:\/\/fattoriaambrosio.it\/#\/schema\/logo\/image\/\",\"url\":\"https:\/\/fattoriaambrosio.it\/wp-content\/uploads\/2023\/12\/logo-fattoria-ambrosio@2x.png\",\"contentUrl\":\"https:\/\/fattoriaambrosio.it\/wp-content\/uploads\/2023\/12\/logo-fattoria-ambrosio@2x.png\",\"width\":200,\"height\":260,\"caption\":\"Fattoria Ambrosio\"},\"image\":{\"@id\":\"https:\/\/fattoriaambrosio.it\/#\/schema\/logo\/image\/\"},\"sameAs\":[\"https:\/\/www.facebook.com\/fattoriaambrosio\",\"https:\/\/www.instagram.com\/fattoriaambrosio\"]}]}<\/script>\n<!-- \/ Yoast SEO plugin. -->","yoast_head_json":{"title":"Riserva EVO Oil 50cl - Fattoria Ambrosio","robots":{"index":"index","follow":"follow","max-snippet":"max-snippet:-1","max-image-preview":"max-image-preview:large","max-video-preview":"max-video-preview:-1"},"canonical":"https:\/\/fattoriaambrosio.it\/en\/prodotto\/riserva-evo-oil-50cl\/","og_locale":"en_US","og_type":"article","og_title":"Riserva EVO Oil 50cl - Fattoria Ambrosio","og_description":"Il fascino della complessit\u00e0, erba e mandorla insieme, profumi profondi, gusto generoso. Fruttato intenso erbaceo verde, con amabile sentore di erba fresca, sfumature di foglia di pomodoro, piacevole fragranza del cuore di carciofo. Decisa\u00a0 sensazione di amaro di oliva e gradevole piccante in chiusura. Estrema pulizia del fruttato.","og_url":"https:\/\/fattoriaambrosio.it\/en\/prodotto\/riserva-evo-oil-50cl\/","og_site_name":"Fattoria Ambrosio","article_publisher":"https:\/\/www.facebook.com\/fattoriaambrosio","article_modified_time":"2024-10-09T09:50:45+00:00","og_image":[{"width":333,"height":1333,"url":"https:\/\/fattoriaambrosio.it\/wp-content\/uploads\/2024\/01\/Fattoria-Ambrosio-bottiglia-RISERVA-03-1.png","type":"image\/png"}],"twitter_card":"summary_large_image","twitter_misc":{"Est. reading time":"2 minutes"},"schema":{"@context":"https:\/\/schema.org","@graph":[{"@type":"WebPage","@id":"https:\/\/fattoriaambrosio.it\/en\/prodotto\/riserva-evo-oil-50cl\/","url":"https:\/\/fattoriaambrosio.it\/en\/prodotto\/riserva-evo-oil-50cl\/","name":"Riserva EVO Oil 50cl - Fattoria Ambrosio","isPartOf":{"@id":"https:\/\/fattoriaambrosio.it\/#website"},"primaryImageOfPage":{"@id":"https:\/\/fattoriaambrosio.it\/en\/prodotto\/riserva-evo-oil-50cl\/#primaryimage"},"image":{"@id":"https:\/\/fattoriaambrosio.it\/en\/prodotto\/riserva-evo-oil-50cl\/#primaryimage"},"thumbnailUrl":"https:\/\/fattoriaambrosio.it\/wp-content\/uploads\/2024\/01\/Fattoria-Ambrosio-bottiglia-RISERVA-03-1.png","datePublished":"2024-01-23T09:59:08+00:00","dateModified":"2024-10-09T09:50:45+00:00","breadcrumb":{"@id":"https:\/\/fattoriaambrosio.it\/en\/prodotto\/riserva-evo-oil-50cl\/#breadcrumb"},"inLanguage":"en-US","potentialAction":[{"@type":"ReadAction","target":["https:\/\/fattoriaambrosio.it\/en\/prodotto\/riserva-evo-oil-50cl\/"]}]},{"@type":"ImageObject","inLanguage":"en-US","@id":"https:\/\/fattoriaambrosio.it\/en\/prodotto\/riserva-evo-oil-50cl\/#primaryimage","url":"https:\/\/fattoriaambrosio.it\/wp-content\/uploads\/2024\/01\/Fattoria-Ambrosio-bottiglia-RISERVA-03-1.png","contentUrl":"https:\/\/fattoriaambrosio.it\/wp-content\/uploads\/2024\/01\/Fattoria-Ambrosio-bottiglia-RISERVA-03-1.png","width":333,"height":1333},{"@type":"BreadcrumbList","@id":"https:\/\/fattoriaambrosio.it\/en\/prodotto\/riserva-evo-oil-50cl\/#breadcrumb","itemListElement":[{"@type":"ListItem","position":1,"name":"Home","item":"https:\/\/fattoriaambrosio.it\/en\/"},{"@type":"ListItem","position":2,"name":"Prodotti","item":"https:\/\/fattoriaambrosio.it\/shop\/"},{"@type":"ListItem","position":3,"name":"Riserva EVO Oil 50cl"}]},{"@type":"WebSite","@id":"https:\/\/fattoriaambrosio.it\/#website","url":"https:\/\/fattoriaambrosio.it\/","name":"Fattoria Ambrosio","description":"Produzione Olio extravergine d&#039;oliva","publisher":{"@id":"https:\/\/fattoriaambrosio.it\/#organization"},"potentialAction":[{"@type":"SearchAction","target":{"@type":"EntryPoint","urlTemplate":"https:\/\/fattoriaambrosio.it\/?s={search_term_string}"},"query-input":{"@type":"PropertyValueSpecification","valueRequired":true,"valueName":"search_term_string"}}],"inLanguage":"en-US"},{"@type":"Organization","@id":"https:\/\/fattoriaambrosio.it\/#organization","name":"Fattoria Ambrosio","url":"https:\/\/fattoriaambrosio.it\/","logo":{"@type":"ImageObject","inLanguage":"en-US","@id":"https:\/\/fattoriaambrosio.it\/#\/schema\/logo\/image\/","url":"https:\/\/fattoriaambrosio.it\/wp-content\/uploads\/2023\/12\/logo-fattoria-ambrosio@2x.png","contentUrl":"https:\/\/fattoriaambrosio.it\/wp-content\/uploads\/2023\/12\/logo-fattoria-ambrosio@2x.png","width":200,"height":260,"caption":"Fattoria Ambrosio"},"image":{"@id":"https:\/\/fattoriaambrosio.it\/#\/schema\/logo\/image\/"},"sameAs":["https:\/\/www.facebook.com\/fattoriaambrosio","https:\/\/www.instagram.com\/fattoriaambrosio"]}]}},"_links":{"self":[{"href":"https:\/\/fattoriaambrosio.it\/en\/wp-json\/wp\/v2\/product\/9814077"}],"collection":[{"href":"https:\/\/fattoriaambrosio.it\/en\/wp-json\/wp\/v2\/product"}],"about":[{"href":"https:\/\/fattoriaambrosio.it\/en\/wp-json\/wp\/v2\/types\/product"}],"wp:featuredmedia":[{"embeddable":true,"href":"https:\/\/fattoriaambrosio.it\/en\/wp-json\/wp\/v2\/media\/14327"}],"wp:attachment":[{"href":"https:\/\/fattoriaambrosio.it\/en\/wp-json\/wp\/v2\/media?parent=9814077"}],"wp:term":[{"taxonomy":"collezione","embeddable":true,"href":"https:\/\/fattoriaambrosio.it\/en\/wp-json\/wp\/v2\/collezione?post=9814077"},{"taxonomy":"product_cat","embeddable":true,"href":"https:\/\/fattoriaambrosio.it\/en\/wp-json\/wp\/v2\/product_cat?post=9814077"},{"taxonomy":"product_tag","embeddable":true,"href":"https:\/\/fattoriaambrosio.it\/en\/wp-json\/wp\/v2\/product_tag?post=9814077"}],"curies":[{"name":"wp","href":"https:\/\/api.w.org\/{rel}","templated":true}]}}